{"id":5301,"date":"2025-06-18T12:20:25","date_gmt":"2025-06-18T12:20:25","guid":{"rendered":"https:\/\/dipha.com.mx\/?page_id=5301"},"modified":"2025-06-18T12:55:31","modified_gmt":"2025-06-18T12:55:31","slug":"aviso-de-privacidad","status":"publish","type":"page","link":"https:\/\/dipha.com.mx\/index.php\/aviso-de-privacidad\/","title":{"rendered":"Aviso de privacidad"},"content":{"rendered":"\t\t<div data-elementor-type=\"wp-page\" data-elementor-id=\"5301\" class=\"elementor elementor-5301\">\n\t\t\t\t<div class=\"elementor-element elementor-element-02948ee e-flex e-con-boxed e-con e-parent\" data-id=\"02948ee\" data-element_type=\"container\">\n\t\t\t\t\t<div class=\"e-con-inner\">\n\t\t\t\t<div class=\"elementor-element elementor-element-949b448 elementor-widget elementor-widget-text-editor\" data-id=\"949b448\" data-element_type=\"widget\" data-widget_type=\"text-editor.default\">\n\t\t\t\t<div class=\"elementor-widget-container\">\n\t\t\t\t\t\t\t\t\t<h2><b>Pol\u00edticas de Privacidad<\/b><\/h2>\n<p class=\"p1\">Farmaceutica PH, S.A. de C.V., (en lo sucesivo\u00a0<b>\u201c<\/b><span class=\"s1\"><b>Dipha<\/b><\/span><b>\u201d<\/b>), es responsable de recabar sus datos personales, as\u00ed como del uso, tratamiento y protecci\u00f3n de los mismos. Lo anterior, con fundamento en la Ley Federal de Protecci\u00f3n de Datos Personales en Posesi\u00f3n de los Particulares, su Reglamento y los Lineamientos del Aviso de Privacidad y el de la Ley Federal de Protecci\u00f3n de Datos Personales en Posesi\u00f3n de los Particulares, (la\u00a0<b>\u201c<\/b><span class=\"s1\"><b>Ley<\/b><\/span><b>\u201d<\/b>) pone a su disposici\u00f3n este aviso de privacidad (el\u00a0<b>\u201c<\/b><span class=\"s1\"><b>Aviso de Privacidad<\/b><\/span><b>\u201d<\/b>), para dar a conocer los t\u00e9rminos y condiciones para el tratamiento de datos personales que de tiempo en tiempo pueda recabar.<b>\u00a0<\/b><\/p>\n<p class=\"p1\"><b>1. Identidad y Domicilio<\/b><\/p>\n<p class=\"p1\">Dipha tiene su domicilio en Bosques de Duraznos 65 interior 107-C, col. Bosques de las Lomas, Alcald\u00eda Miguel Hidalgo, C.P. 11700, Ciudad de M\u00e9xico, M\u00e9xico. Para contactarnos favor de marcar al tel\u00e9fono +52 55 5253 1596 o mandar un correo electr\u00f3nico a la direcci\u00f3n:\u00a0\u00a0<a href=\"mailto:compras@dipha.com.mx\"><span class=\"s2\">compras@dipha.com.mx<\/span><\/a>.<\/p>\n<p class=\"p1\"><b>2. Informaci\u00f3n Recabada.<\/b><\/p>\n<p class=\"p1\">Dipha puede recabar datos personales del titular mediante la entrega directa o personal, a trav\u00e9s de cualquier medio de contacto f\u00edsico o electr\u00f3nico con el titular. As\u00ed tambi\u00e9n, Dipha puede recolectar datos de manera indirecta, mediante fuentes de acceso p\u00fablico y otras fuentes disponibles en el mercado.<\/p>\n<p class=\"p1\">Dipha recaba datos personales de identificaci\u00f3n, datos financieros y\/o patrimoniales, acad\u00e9micos y laborales.<\/p>\n<p class=\"p1\"><b>3. Alcance del presente Aviso de Privacidad.<\/b><b><\/b><\/p>\n<p class=\"p1\">El presente Aviso de privacidad, es aplicable para toda la informaci\u00f3n recopilada por Dipha, as\u00ed tambi\u00e9n, aquella informaci\u00f3n de terceros con los que Dipha celebre o vaya a celebrar relaciones comerciales de cualquier naturaleza. En este sentido, al momento de leer el presente Aviso de Privacidad usted otorga su consentimiento a Dipha para recopilar y utilizar l\u00edcitamente sus datos personales para los fines que m\u00e1s adelante se expresan.<\/p>\n<p class=\"p1\">Para la recopilaci\u00f3n y tratamiento de datos personales, Dipha se compromete y obliga a observar y cumplir con los principios de licitud, consentimiento, informaci\u00f3n, calidad, finalidad, lealtad, proporcionalidad y responsabilidad; as\u00ed como todos los principios y disposiciones establecidas por la legislaci\u00f3n nacional e internacional en materia de protecci\u00f3n de datos personales.<\/p>\n<p class=\"p1\"><b>4. Finalidad del tratamiento de datos personales.<\/b><\/p>\n<p class=\"p1\">Los datos personales puestos a disposici\u00f3n de Dipha, se incluyen en una base de datos e informaci\u00f3n electr\u00f3nica, la cual es utilizada para la clasificaci\u00f3n, uso, resguardo y protecci\u00f3n de datos personales de personas f\u00edsicas y morales vinculadas con Dipha. As\u00ed la informaci\u00f3n y datos personales ah\u00ed contenidos, podr\u00e1 ser utilizada por Dipha para las siguientes finalidades:<\/p>\n<p class=\"p1\"><b>a) Finalidades Principales<\/b><\/p>\n\n<ul class=\"ul1\">\n \t<li class=\"li1\">Permitir a Dipha proveer los servicios y\/o productos que presta y comercializa, los cuales han sido contratados y\/o adquiridos por usted.<\/li>\n \t<li class=\"li1\">Proveer la informaci\u00f3n necesaria para que Dipha pueda proveer y\/o comercializar los productos contratados y\/o adquiridos por usted.<\/li>\n \t<li class=\"li1\">Cumplir las obligaciones que Dipha contrae con usted.<\/li>\n \t<li class=\"li1\">Facilitar las comunicaciones entre usted y Dipha.<\/li>\n \t<li class=\"li1\">Recibir pagos por virtud de la adquisici\u00f3n de los productos que Dipha comercializa, as\u00ed como emitir los respectivos comprobantes fiscales.<\/li>\n<\/ul>\n<p class=\"p1\"><b>b) Finalidades Secundarias<\/b><\/p>\n\n<ul class=\"ul1\">\n \t<li class=\"li1\">Permitir que Dipha realice evaluaciones de calidad de sus productos y\/o servicios.<\/li>\n \t<li class=\"li1\">Posibilitar que Dipha informe sobre los cambios relacionados con los productos y\/o servicios contratados por sus clientes.<\/li>\n<\/ul>\n<p class=\"p1\"><b>5) Datos personales que se obtienen:<\/b><\/p>\n<p class=\"p1\">Para la realizaci\u00f3n de las actividades anteriormente se\u00f1aladas, Dipha requiere de m\u00faltiples datos personales, dentro de los cuales se destacan los siguientes:<\/p>\n<p class=\"p1\"><b>a) Datos de identificaci\u00f3n:\u00a0<\/b>Nombre, empresa, correo electr\u00f3nico, domicilio, tel\u00e9fono de casa o m\u00f3vil.<\/p>\n<p class=\"p1\"><b>6. Limitaci\u00f3n del uso y divulgaci\u00f3n de sus datos personales<\/b><b><\/b><\/p>\n<p class=\"p1\">El uso de datos personales que Dipha realice se ajustar\u00e1 a los objetivos acordados con sus clientes, proveedores o personas que por cualquier circunstancia pongan datos personales a su disposici\u00f3n.<\/p>\n<p class=\"p1\">No obstante, lo anterior, cuando el tratamiento de datos personales no se refiera a aquellos necesarios para cumplir con las obligaciones legales que Dipha ha asumido con usted, le ser\u00e1 posible solicitar expresamente a Dipha que se abstenga a continuar usando sus datos personales (oposici\u00f3n). La solicitud en cuesti\u00f3n podr\u00e1 realizarse electr\u00f3nicamente mediante el correo electr\u00f3nico se\u00f1alado en el presente, o bien, por escrito en el domicilio que al efecto Dipha ha designado.<\/p>\n<p class=\"p1\">Los sistemas electr\u00f3nicos de Dipha se encuentran debidamente protegidos para evitar perdidas o filtraciones de los datos personales proporcionados.<\/p>\n<p class=\"p1\">El tratamiento que Dipha ejercer\u00e1 sobre sus datos personales ser\u00e1 el que resulte necesario, correcto y relevante para las finalidades previstas en el presente \u201cAviso de Privacidad\u201d.<\/p>\n<p class=\"p1\"><b>7) Medios para ejercer los derechos de Acceso, Rectificaci\u00f3n, Cancelaci\u00f3n y Oposici\u00f3n (\u201c<\/b><span class=\"s1\"><b>Derechos ARCO<\/b><\/span><b>\u201d)<\/b><b><\/b><\/p>\n<p class=\"p1\">Conforme a la Ley, usted tiene la facultad de ejercer sus Derechos ARCO, mismos derechos que para su f\u00e1cil referencia se enlistan y describen a continuaci\u00f3n:<\/p>\n\n<ul class=\"ul1\">\n \t<li class=\"li1\"><b>Derecho de Acceso:\u00a0<\/b>Derecho del titular a solicitar a Dipha que le informe si en su base de datos cuenta con informaci\u00f3n relativa a sus derechos personales.<\/li>\n<\/ul>\n<ul class=\"ul1\">\n \t<li class=\"li1\"><b>Derecho de Rectificaci\u00f3n:\u00a0<\/b>Derecho del titular a solicitar a Dipha la correcci\u00f3n de los datos personales que posee en su base de datos, siempre y cuando dichos datos sean incorrectos, imprecisos, incompletos o est\u00e1n desactualizados.<\/li>\n<\/ul>\n<ul class=\"ul1\">\n \t<li class=\"li1\"><b>Derecho de Cancelaci\u00f3n:\u00a0<\/b>Derecho del titular de solicitar a Dipha la cancelaci\u00f3n de sus datos personales que posee en sus bases de datos.<\/li>\n<\/ul>\n<ul class=\"ul1\">\n \t<li class=\"li1\"><b>Derecho de Oposici\u00f3n:\u00a0<\/b>Derecho del titular para solicitar a Dipha se abstenga a continuar usando o tratando sus datos personales de forma total o parcial (para determinadas circunstancias o finalidades).<\/li>\n<\/ul>\n<p class=\"p1\">En atenci\u00f3n a lo expuesto, usted tiene derecho de acceder a sus datos personales que Dipha posee y a los detalles del tratamiento de los mismos, as\u00ed como a rectificarlos en caso de ser inexactos o incompletos; cancelarlos cuando considere que no se requieren para alguna de las finalidades se\u00f1aladas en el presente aviso de privacidad, est\u00e9n siendo utilizados para finalidades no consentidas o haya finalizado la relaci\u00f3n contractual o de servicio, o bien, oponerse al tratamiento de los mismos para fines espec\u00edficos.<\/p>\n<p class=\"p1\">En caso que usted desee hacer efectivos sus Derechos ARCO, podr\u00e1 hacerlo dirigiendo un correo electr\u00f3nico a la persona que para tal efecto Dipha ha designado, o tambi\u00e9n mediante la solicitud f\u00edsica (en papel) al domicilio aqu\u00ed indicado.<\/p>\n<p class=\"p1\">Una vez que Dipha reciba la solicitud respectiva, proceder\u00e1 a atender la petici\u00f3n en un plazo de 10 (diez) d\u00edas h\u00e1biles contados a partir de la fecha de solicitud, y se le informar\u00e1 sobre la procedencia de la misma a trav\u00e9s del correo electr\u00f3nico que al efecto se exprese en la solicitud.<\/p>\n<p class=\"p1\"><b>8) Transferencia de datos personales<\/b><\/p>\n<p class=\"p1\">A efecto que Dipha desarrolle las actividades comerciales y promocionales que usted ha contratado, es posible que sus datos personales sean transferidos y tratados dentro y fuera del pa\u00eds por personas distintas a Dipha, principalmente en los casos en que Dipha requiera el apoyo de terceras partes para que realicen ciertas tareas a su nombre, las cuales estar\u00e1n relacionadas con las actividades comerciales contratadas.<\/p>\n<p class=\"p1\">En este sentido, Dipha se compromete a no transferir sus datos personales sin su consentimiento, salvo en los supuestos previstos en la legislaci\u00f3n aplicable, as\u00ed como a realizar esta transferencia en los t\u00e9rminos establecidos por la ley.<\/p>\n<p class=\"p1\">Asimismo, Dipha exigir\u00e1 a los sujetos que reciban datos personales, el cumplimiento puntual de las disposiciones en materia de protecci\u00f3n de datos, as\u00ed como la protecci\u00f3n, clasificaci\u00f3n y debido manejo de los datos personales transferidos por parte de Dipha.<\/p>\n<p class=\"p1\">Si usted no manifiesta expresamente su oposici\u00f3n para que Dipha transfiera a terceros sus datos personales, se entender\u00e1 que usted otorga su consentimiento para ello.<\/p>\n<p class=\"p1\"><b>9) Modificaciones al Aviso de Privacidad.<\/b><b><\/b><\/p>\n<p class=\"p1\">Dipha en cualquier momento podr\u00e1 modificar su aviso de privacidad, por lo que cualquier modificaci\u00f3n a este aviso de privacidad podr\u00e1 consultarse en la p\u00e1gina de internet\u00a0<a href=\"http:\/\/www.Dipha.mx\"><span class=\"s2\">www.Dipha.mx<\/span><\/a>. Por lo anterior, recomendamos visite la p\u00e1gina de internet frecuentemente y revise el aviso de privacidad en caso de usted considerarlo pertinente.<\/p>\n<p class=\"p1\"><b>10) Cookies<\/b><b><\/b><\/p>\n<p class=\"p1\">Una \u201cCookie\u201d es un archivo electr\u00f3nico de tama\u00f1o peque\u00f1o que env\u00eda un servidor web al disco duro de un internauta que lo visita, con informaci\u00f3n sobre sus preferencias de navegaci\u00f3n, mismo que queda guardado en una computadora u ordenador.<\/p>\n<p class=\"p1\">Todos los servidores y programas electr\u00f3nicos de Dipha podr\u00e1n generar \u201cCookies\u201d, por lo que el Usuario est\u00e1 de acuerdo que durante su navegaci\u00f3n en la p\u00e1gina web\u00a0<a href=\"http:\/\/www.Dipha.mx\"><span class=\"s2\">www.Dipha.mx<\/span><\/a>\u00a0podr\u00e1n aparecer \u201cCookies\u201d con indistintos fines, ya sea publicitarios, o para guardar alg\u00fan tipo de informaci\u00f3n que el usuario haya solicitado, ingresado o revisado, dentro de una base de datos. Es importante mencionar que algunos portales de la p\u00e1gina web antes mencionada requieren el uso de \u201cCookies\u201d por lo que si las mismas est\u00e1n desactivadas es posible que el Usuario no pueda navegar por la p\u00e1gina web de Dipha u obtener toda la informaci\u00f3n que este busque recabar a trav\u00e9s de la misma.<\/p>\n<p class=\"p1\"><b>11) Informaci\u00f3n, quejas y reclamaciones.<\/b><b><\/b><\/p>\n<p class=\"p1\">En el supuesto de que el usuario considere que sus datos hayan sido utilizados para un fin distinto a los establecidos o requiera de alguna aclaraci\u00f3n relacionada con este Aviso de Privacidad, Dipha dispone a su alcance el siguiente correo electr\u00f3nico\u00a0<a href=\"mailto:compras@dipha.com.mx\"><span class=\"s2\">compras@dipha.com.mx<\/span><\/a>\u00a0, para poder hacer llegar una queja al respecto y que la misma sea resuelta a la brevedad posible o en su defecto podr\u00e1 acudir al Instituto Nacional de Transparencia, Acceso a la Informaci\u00f3n y Protecci\u00f3n de Datos Personales (INAI), para interponer el recurso o queja correspondiente que sea aplicable.<\/p>\n<p class=\"p1\"><i>\u00daltima Actualizaci\u00f3n: mayo 2025.<\/i><i><\/i><\/p>\t\t\t\t\t\t\t\t<\/div>\n\t\t\t\t<\/div>\n\t\t\t\t\t<\/div>\n\t\t\t\t<\/div>\n\t\t\t\t<\/div>\n\t\t","protected":false},"excerpt":{"rendered":"<p>Pol\u00edticas de Privacidad Farmaceutica PH, S.A. de C.V., (en lo sucesivo\u00a0\u201cDipha\u201d), es responsable de recabar sus datos personales, as\u00ed como del uso, tratamiento y protecci\u00f3n de los mismos. Lo anterior, con fundamento en la Ley Federal de Protecci\u00f3n de Datos Personales en Posesi\u00f3n de los Particulares, su Reglamento y los Lineamientos del Aviso de Privacidad [&hellip;]<\/p>\n","protected":false},"author":1,"featured_media":0,"parent":0,"menu_order":0,"comment_status":"closed","ping_status":"closed","template":"","meta":{"footnotes":""},"class_list":["post-5301","page","type-page","status-publish","hentry"],"_links":{"self":[{"href":"https:\/\/dipha.com.mx\/index.php\/wp-json\/wp\/v2\/pages\/5301","targetHints":{"allow":["GET"]}}],"collection":[{"href":"https:\/\/dipha.com.mx\/index.php\/wp-json\/wp\/v2\/pages"}],"about":[{"href":"https:\/\/dipha.com.mx\/index.php\/wp-json\/wp\/v2\/types\/page"}],"author":[{"embeddable":true,"href":"https:\/\/dipha.com.mx\/index.php\/wp-json\/wp\/v2\/users\/1"}],"replies":[{"embeddable":true,"href":"https:\/\/dipha.com.mx\/index.php\/wp-json\/wp\/v2\/comments?post=5301"}],"version-history":[{"count":7,"href":"https:\/\/dipha.com.mx\/index.php\/wp-json\/wp\/v2\/pages\/5301\/revisions"}],"predecessor-version":[{"id":5310,"href":"https:\/\/dipha.com.mx\/index.php\/wp-json\/wp\/v2\/pages\/5301\/revisions\/5310"}],"wp:attachment":[{"href":"https:\/\/dipha.com.mx\/index.php\/wp-json\/wp\/v2\/media?parent=5301"}],"curies":[{"name":"wp","href":"https:\/\/api.w.org\/{rel}","templated":true}]}}